{"id":130,"date":"2023-06-27T09:34:58","date_gmt":"2023-06-27T07:34:58","guid":{"rendered":"http:\/\/colin-avocate.com\/?page_id=130"},"modified":"2023-07-11T21:29:21","modified_gmt":"2023-07-11T19:29:21","slug":"droit-commercial","status":"publish","type":"page","link":"https:\/\/colin-avocate.com\/index.php\/droit-commercial\/","title":{"rendered":"Politique de confidentialit\u00e9"},"content":{"rendered":"<p>[et_pb_section fb_built=\u00a0\u00bb1&Prime; _builder_version=\u00a0\u00bb4.20.0&Prime; _module_preset=\u00a0\u00bbdefault\u00a0\u00bb global_colors_info=\u00a0\u00bb{}\u00a0\u00bb][et_pb_row _builder_version=\u00a0\u00bb4.20.0&Prime; _module_preset=\u00a0\u00bbdefault\u00a0\u00bb global_colors_info=\u00a0\u00bb{}\u00a0\u00bb][et_pb_column type=\u00a0\u00bb4_4&Prime; _builder_version=\u00a0\u00bb4.20.0&Prime; _module_preset=\u00a0\u00bbdefault\u00a0\u00bb global_colors_info=\u00a0\u00bb{}\u00a0\u00bb][et_pb_text _builder_version=\u00a0\u00bb4.20.0&Prime; _module_preset=\u00a0\u00bbdefault\u00a0\u00bb text_font=\u00a0\u00bbMontserrat||||||||\u00a0\u00bb header_font=\u00a0\u00bbBebasneue regular||||||||\u00a0\u00bb hover_enabled=\u00a0\u00bb0&Prime; global_colors_info=\u00a0\u00bb{}\u00a0\u00bb sticky_enabled=\u00a0\u00bb0&Prime;]<\/p>\n<h1 style=\"text-align: justify;\"><span style=\"color: #930101;\">politique de confidentialit\u00e9<\/span><\/h1>\n<p style=\"text-align: justify;\">En utilisant le Site, vous pouvez transmettre spontan\u00e9ment \u00e0 Jos\u00e9phine\u00a0Colin vos donn\u00e9es \u00e0 caract\u00e8re personnel lorsque vous vous inscrivez afin\u00a0de recevoir notre newsletter, utilisez l\u2019adresse email de contact ou\u00a0d\u00e9posez une candidature. Les donn\u00e9es \u00e0 caract\u00e8re personnel pouvant \u00eatre\u00a0trait\u00e9es sont les suivantes\u00a0: nom, pr\u00e9nom, adresse postale, adresse email,\u00a0num\u00e9ro de t\u00e9l\u00e9phone, et curriculum vitae.<br \/>Les donn\u00e9es \u00e0 caract\u00e8re personnel collect\u00e9es \u00e0 partir du Site sont trait\u00e9es\u00a0par Jos\u00e9phine Colin en qualit\u00e9 de responsable du traitement.<\/p>\n<p style=\"text-align: justify;\">Jos\u00e9phine\u00a0colin s\u2019engage \u00e0 traiter vos donn\u00e9es \u00e0 caract\u00e8re personnel dans le respect\u00a0des lois et des r\u00e8glementations applicables, et notamment la Loi n\u00b0 78-17\u00a0du 6 janvier 1978 relative \u00e0 l\u2019informatique, aux fichiers et aux libert\u00e9s et le\u00a0R\u00e8glement (UE) 2016\/679 du Parlement europ\u00e9en et du Conseil du 27 avril\u00a02016 relatif \u00e0 la protection des personnes physiques \u00e0 l\u2019\u00e9gard du\u00a0traitement des donn\u00e9es \u00e0 caract\u00e8re personnel et \u00e0 la libre circulation de\u00a0ces donn\u00e9es.<br \/>Les donn\u00e9es \u00e0 caract\u00e8re personnel sont collect\u00e9es et trait\u00e9es par\u00a0Jos\u00e9phine Colin et ses prestataires (h\u00e9bergeur, logiciels de gestion de\u00a0cabinet, CRM, emailing, etc.) afin de r\u00e9pondre \u00e0 vos sollicitations,\u00a0d\u2019assurer le traitement des candidatures re\u00e7ues, d\u2019obtenir des informations\u00a0sur des \u00e9v\u00e8nements de Jos\u00e9phine Colin et\/ou de ses partenaires ou de\u00a0vous inscrire \u00e0 des formations organis\u00e9es par Jos\u00e9phine Colin.<\/p>\n<p style=\"text-align: justify;\">La base\u00a0juridique des traitements est l\u2019int\u00e9r\u00eat l\u00e9gitime de Jos\u00e9phine Colin,\u00a0notamment afin de faire conna\u00eetre ses missions d\u2019accompagnement ou de\u00a0repr\u00e9sentation.<br \/>Vos donn\u00e9es \u00e0 caract\u00e8re personnel sont h\u00e9berg\u00e9es sur des serveurs\u00a0situ\u00e9es en France et dans l\u2019Union Europ\u00e9enne et sont conserv\u00e9es pendant\u00a0la dur\u00e9e de nos relations puis jusqu\u2019\u00e0 trois (3) ans apr\u00e8s leur fin \u00e0 des fins\u00a0d\u2019animation et prospection, sauf d\u00e9lais plus longs li\u00e9s aux obligations de\u00a0conservation ou aux d\u00e9lais de prescription.<\/p>\n<p style=\"text-align: justify;\">Conform\u00e9ment \u00e0 la l\u00e9gislation et \u00e0 la r\u00e9glementation applicable sur la\u00a0protection des donn\u00e9es, Jos\u00e9phine Colin vous informe de vos droits\u00a0d\u2019acc\u00e8s, de modification, d\u2019opposition au traitement (y compris en cas de\u00a0prospection commerciale) et de limitation ainsi que de demander la\u00a0suppression de vos donn\u00e9es \u00e0 caract\u00e8re personnel recueillies et trait\u00e9es\u00a0et d\u2019en obtenir la communication dans un format structur\u00e9 et lisible (sauf\u00a0emp\u00eachement l\u00e9gitime).<\/p>\n<p style=\"text-align: justify;\">Vous disposez \u00e9galement du droit d\u2019introduire une\u00a0r\u00e9clamation aupr\u00e8s d\u2019une autorit\u00e9 de contr\u00f4le et de d\u00e9finir des directives\u00a0relatives au sort de vos donn\u00e9es apr\u00e8s la mort. Lorsqu\u2019il vous a \u00e9t\u00e9\u00a0demand\u00e9, vous pouvez retirer votre consentement \u00e0 tout moment, \u00e9tant\u00a0pr\u00e9cis\u00e9 que tout traitement ant\u00e9rieur de vos donn\u00e9es demeurera licite.<\/p>\n<p style=\"text-align: justify;\">Vous pouvez exercer vos droits en adressant un email \u00e0 l\u2019adresse\u00a0suivante\u00a0:<\/p>\n<p style=\"text-align: justify;\"><span style=\"color: #930101;\"><a href=\"mailto:josephinecolin@colin-avocate.com\" style=\"color: #930101;\">josephinecolin@colin-avocate.com\u00a0<\/a><\/span><\/p>\n<p style=\"text-align: justify;\">ou en \u00e9crivant \u00e0 l\u2019adresse\u00a0suivante\u00a0:<\/p>\n<p style=\"text-align: justify;\"><span style=\"color: #930101;\">Jos\u00e9phine Colin, 2 rue Fr\u00e9d\u00e9ric Passy \u2013 92200 Neuilly-sur-Seine<\/span><\/p>\n<p style=\"text-align: justify;\">Jos\u00e9phine Colin disposera d\u2019un mois pour r\u00e9pondre \u00e0 toute\u00a0demande, sous r\u00e9serve d\u2019une \u00e9ventuelle prolongation, et se r\u00e9serve le\u00a0droit de s\u2019opposer \u00e0 toute demande consid\u00e9r\u00e9e comme abusive en raison\u00a0de son caract\u00e8re r\u00e9p\u00e9titif.<\/p>\n<p>[\/et_pb_text][\/et_pb_column][\/et_pb_row][\/et_pb_section]<\/p>\n","protected":false},"excerpt":{"rendered":"<p>politique de confidentialit\u00e9 En utilisant le Site, vous pouvez transmettre spontan\u00e9ment \u00e0 Jos\u00e9phine\u00a0Colin vos donn\u00e9es \u00e0 caract\u00e8re personnel lorsque vous vous inscrivez afin\u00a0de recevoir notre newsletter, utilisez l\u2019adresse email de contact ou\u00a0d\u00e9posez une candidature. Les donn\u00e9es \u00e0 caract\u00e8re personnel pouvant \u00eatre\u00a0trait\u00e9es sont les suivantes\u00a0: nom, pr\u00e9nom, adresse postale, adresse email,\u00a0num\u00e9ro de t\u00e9l\u00e9phone, et curriculum vitae.Les [&hellip;]<\/p>\n","protected":false},"author":1,"featured_media":0,"parent":0,"menu_order":0,"comment_status":"closed","ping_status":"closed","template":"","meta":{"_et_pb_use_builder":"on","_et_pb_old_content":"<!-- wp:paragraph -->\n<p><\/p>\n<!-- \/wp:paragraph -->\n\n<!-- wp:columns -->\n<div class=\"wp-block-columns\"><!-- wp:column -->\n<div class=\"wp-block-column\"><!-- wp:paragraph -->\n<p>Le droit commercial a trait au coeur de la vie des entreprises. Jos\u00e9phine Colin assiste sa client\u00e8le dans la r\u00e9daction et dans la n\u00e9gociation de la documentation contractuelle avec fournisseurs, distributeurs ou encore prestataires. Ses comp\u00e9tences s'inscrivent \u00e9galement dans la pratique du contentieux commercial, en particulier en mati\u00e8re de responsabilit\u00e9 contractuelle, de rupture brutale de relations commerciales \u00e9tablies ou encore dans la conduite d'actions en concurrence d\u00e9loyale (risque de confusion, parasitisme, d\u00e9nigrement et d\u00e9sorganisation).<\/p>\n<!-- \/wp:paragraph --><\/div>\n<!-- \/wp:column -->\n\n<!-- wp:column -->\n<div class=\"wp-block-column\"><\/div>\n<!-- \/wp:column --><\/div>\n<!-- \/wp:columns -->\n\n<!-- wp:paragraph -->\n<p><\/p>\n<!-- \/wp:paragraph -->","_et_gb_content_width":"","footnotes":""},"class_list":["post-130","page","type-page","status-publish","hentry"],"_links":{"self":[{"href":"https:\/\/colin-avocate.com\/index.php\/wp-json\/wp\/v2\/pages\/130","targetHints":{"allow":["GET"]}}],"collection":[{"href":"https:\/\/colin-avocate.com\/index.php\/wp-json\/wp\/v2\/pages"}],"about":[{"href":"https:\/\/colin-avocate.com\/index.php\/wp-json\/wp\/v2\/types\/page"}],"author":[{"embeddable":true,"href":"https:\/\/colin-avocate.com\/index.php\/wp-json\/wp\/v2\/users\/1"}],"replies":[{"embeddable":true,"href":"https:\/\/colin-avocate.com\/index.php\/wp-json\/wp\/v2\/comments?post=130"}],"version-history":[{"count":13,"href":"https:\/\/colin-avocate.com\/index.php\/wp-json\/wp\/v2\/pages\/130\/revisions"}],"predecessor-version":[{"id":623,"href":"https:\/\/colin-avocate.com\/index.php\/wp-json\/wp\/v2\/pages\/130\/revisions\/623"}],"wp:attachment":[{"href":"https:\/\/colin-avocate.com\/index.php\/wp-json\/wp\/v2\/media?parent=130"}],"curies":[{"name":"wp","href":"https:\/\/api.w.org\/{rel}","templated":true}]}}